{"id":11,"date":"2011-06-29T11:17:41","date_gmt":"2011-06-29T11:17:41","guid":{"rendered":"https:\/\/tampereenkalevalaiset.fi\/?page_id=11"},"modified":"2026-02-01T15:49:53","modified_gmt":"2026-02-01T13:49:53","slug":"toiminta","status":"publish","type":"page","link":"https:\/\/tampereenkalevalaiset.fi\/?page_id=11","title":{"rendered":"Toiminta"},"content":{"rendered":"<p>Toimintamme perusrungon muodostavat kulttuuri-illat. Kulttuuri-iltoja j\u00e4rjestet\u00e4\u00e4n sek\u00e4 Liiton vuosittaisen teeman ymp\u00e4rille, ett\u00e4 muiden mielenkiintoisten teemojen pohjalta. Vuonna 2026 Kalevalaisten Naisten Liiton teemana on<em> Runolaulu.<\/em><\/p>\n<figure id=\"attachment_1540\" aria-describedby=\"caption-attachment-1540\" style=\"width: 525px\" class=\"wp-caption alignnone\"><a href=\"https:\/\/tampereenkalevalaiset.fi\/wp-content\/uploads\/2022\/11\/KNL-naisten-saunaIMG_5343-scaled.jpg\"><img loading=\"lazy\" decoding=\"async\" class=\"size-large wp-image-1540\" src=\"https:\/\/tampereenkalevalaiset.fi\/wp-content\/uploads\/2022\/11\/KNL-naisten-saunaIMG_5343-1024x683.jpg\" alt=\"\" width=\"525\" height=\"350\" srcset=\"https:\/\/tampereenkalevalaiset.fi\/wp-content\/uploads\/2022\/11\/KNL-naisten-saunaIMG_5343-1024x683.jpg 1024w, https:\/\/tampereenkalevalaiset.fi\/wp-content\/uploads\/2022\/11\/KNL-naisten-saunaIMG_5343-300x200.jpg 300w, https:\/\/tampereenkalevalaiset.fi\/wp-content\/uploads\/2022\/11\/KNL-naisten-saunaIMG_5343-768x512.jpg 768w, https:\/\/tampereenkalevalaiset.fi\/wp-content\/uploads\/2022\/11\/KNL-naisten-saunaIMG_5343-1536x1024.jpg 1536w, https:\/\/tampereenkalevalaiset.fi\/wp-content\/uploads\/2022\/11\/KNL-naisten-saunaIMG_5343-2048x1365.jpg 2048w\" sizes=\"auto, (max-width: 525px) 100vw, 525px\" \/><\/a><figcaption id=\"caption-attachment-1540\" class=\"wp-caption-text\">Naisten sauna -event. Kalevalaisten Naisten Liitto.<\/figcaption><\/figure>\n<p>Teemme yhteisty\u00f6t\u00e4 muiden j\u00e4rjest\u00f6jen kanssa. J\u00e4rjest\u00e4mme j\u00e4senillemme my\u00f6s retki\u00e4 l\u00e4hiseutumme mielenkiintoisiin kohteisiin. Nautimme Tampereen laadukkaasta kulttuuritarjonnasta.<\/p>\n<p>Yhdistyksess\u00e4mme toimii my\u00f6s kirjallisuuskerho, joka kokoontuu noin kerran kuukaudessa keskiviikkona osoitteessa Sotkankatu 18 A 5. Kirjallisuuskerhoa vet\u00e4\u00e4 Hanna Rantanen.<\/p>\n<p>Kulttuuri-illoissamme on yleens\u00e4 kahvitarjoilu ja toisinaan my\u00f6s esiintyvi\u00e4 taiteilijavieraita. Kulujen kattamiseksi tapahtumien vet\u00e4j\u00e4t ker\u00e4\u00e4v\u00e4t osallistuvilta j\u00e4senilt\u00e4 osallistumis- ja j\u00e4rjest\u00e4mismaksun, jotta kiinte\u00e4 vuosimaksumme pysyy kaikille edullisena.<\/p>\n<p>Pitemmill\u00e4 kulttuuriretkill\u00e4 retken hinta (matkat, sis\u00e4\u00e4np\u00e4\u00e4syt jne.) tiedotetaan tapahtumakohtaisesti ennakkoon. Ei-j\u00e4senille retken hinta on yleens\u00e4 v\u00e4h\u00e4n kalliimpi, mutta perheenj\u00e4senet ja yst\u00e4v\u00e4t ovat tervetulleita mukaan.<\/p>\n<p><strong>Osallistumismaksut 2026<\/strong><\/p>\n<p><strong>Osallistumismaksut vaihtelevat j\u00e4seniltojen ohjelman mukaan<\/strong><\/p>\n<p><strong>Kirjallisuuskerho 3e\/kerta<\/strong> (kokoontuminen p\u00e4\u00e4s\u00e4\u00e4nt\u00f6isesti kuukauden 2. keskiviikkona klo 17)<\/p>\n<p>Tutustumiskerralla sinun ei tarvitse olla viel\u00e4 j\u00e4sen. Olet l\u00e4mpim\u00e4sti tervetullut tutustumaan toimintaamme osallistumismaksulla!<\/p>\n<p><a href=\"https:\/\/tampereenkalevalaiset.fi\/?p=1420\"><strong>Tervetuloa mukaan toimintaamme!<\/strong><\/a><\/p>\n<p>Toimintakaleterimme l\u00f6yd\u00e4t <a href=\"http:\/\/tampereenkalevalaiset.fi\">etusivulta.<\/a><\/p>\n<figure id=\"attachment_82\" aria-describedby=\"caption-attachment-82\" style=\"width: 512px\" class=\"wp-caption aligncenter\"><a href=\"https:\/\/tampereenkalevalaiset.fi\/wp-content\/uploads\/2011\/06\/Lintu-kuusenoksalla1.jpg\"><img loading=\"lazy\" decoding=\"async\" class=\"size-large wp-image-82 \" title=\"Lintu kuusenoksalla\" src=\"https:\/\/tampereenkalevalaiset.fi\/wp-content\/uploads\/2011\/06\/Lintu-kuusenoksalla1-1024x684.jpg\" alt=\"\" width=\"512\" height=\"342\" srcset=\"https:\/\/tampereenkalevalaiset.fi\/wp-content\/uploads\/2011\/06\/Lintu-kuusenoksalla1-1024x684.jpg 1024w, https:\/\/tampereenkalevalaiset.fi\/wp-content\/uploads\/2011\/06\/Lintu-kuusenoksalla1-300x200.jpg 300w, https:\/\/tampereenkalevalaiset.fi\/wp-content\/uploads\/2011\/06\/Lintu-kuusenoksalla1.jpg 1280w\" sizes=\"auto, (max-width: 512px) 100vw, 512px\" \/><\/a><figcaption id=\"caption-attachment-82\" class=\"wp-caption-text\">Kuva: Mikko Dufva<\/figcaption><\/figure>\n","protected":false},"excerpt":{"rendered":"<p>Toimintamme perusrungon muodostavat kulttuuri-illat. Kulttuuri-iltoja j\u00e4rjestet\u00e4\u00e4n sek\u00e4 Liiton vuosittaisen teeman ymp\u00e4rille, ett\u00e4 muiden mielenkiintoisten teemojen pohjalta. Vuonna 2026 Kalevalaisten Naisten Liiton teemana on Runolaulu. Teemme yhteisty\u00f6t\u00e4 muiden j\u00e4rjest\u00f6jen kanssa. J\u00e4rjest\u00e4mme j\u00e4senillemme my\u00f6s retki\u00e4 l\u00e4hiseutumme mielenkiintoisiin kohteisiin. Nautimme Tampereen laadukkaasta kulttuuritarjonnasta. Yhdistyksess\u00e4mme toimii my\u00f6s kirjallisuuskerho, joka kokoontuu noin kerran kuukaudessa keskiviikkona osoitteessa Sotkankatu 18 A 5. &hellip; <\/p>\n<p class=\"link-more\"><a href=\"https:\/\/tampereenkalevalaiset.fi\/?page_id=11\" class=\"more-link\">Jatka lukemista<span class=\"screen-reader-text\"> &#8221;Toiminta&#8221;<\/span><\/a><\/p>\n","protected":false},"author":4,"featured_media":0,"parent":0,"menu_order":0,"comment_status":"closed","ping_status":"closed","template":"","meta":{"_mc_calendar":[],"footnotes":""},"class_list":["post-11","page","type-page","status-publish","hentry"],"_links":{"self":[{"href":"https:\/\/tampereenkalevalaiset.fi\/index.php?rest_route=\/wp\/v2\/pages\/11","targetHints":{"allow":["GET"]}}],"collection":[{"href":"https:\/\/tampereenkalevalaiset.fi\/index.php?rest_route=\/wp\/v2\/pages"}],"about":[{"href":"https:\/\/tampereenkalevalaiset.fi\/index.php?rest_route=\/wp\/v2\/types\/page"}],"author":[{"embeddable":true,"href":"https:\/\/tampereenkalevalaiset.fi\/index.php?rest_route=\/wp\/v2\/users\/4"}],"replies":[{"embeddable":true,"href":"https:\/\/tampereenkalevalaiset.fi\/index.php?rest_route=%2Fwp%2Fv2%2Fcomments&post=11"}],"version-history":[{"count":35,"href":"https:\/\/tampereenkalevalaiset.fi\/index.php?rest_route=\/wp\/v2\/pages\/11\/revisions"}],"predecessor-version":[{"id":2066,"href":"https:\/\/tampereenkalevalaiset.fi\/index.php?rest_route=\/wp\/v2\/pages\/11\/revisions\/2066"}],"wp:attachment":[{"href":"https:\/\/tampereenkalevalaiset.fi\/index.php?rest_route=%2Fwp%2Fv2%2Fmedia&parent=11"}],"curies":[{"name":"wp","href":"https:\/\/api.w.org\/{rel}","templated":true}]}}