{"id":551,"date":"2014-08-09T18:13:40","date_gmt":"2014-08-09T15:13:40","guid":{"rendered":"https:\/\/tampereenkalevalaiset.fi\/?page_id=551"},"modified":"2025-08-31T17:53:08","modified_gmt":"2025-08-31T14:53:08","slug":"linkit","status":"publish","type":"page","link":"https:\/\/tampereenkalevalaiset.fi\/?page_id=551","title":{"rendered":"Yhteisty\u00f6 ja linkit"},"content":{"rendered":"<h1>Kalevalaisia Naisia<\/h1>\n<p>Tampereen Kalevalaiset Naiset on<a href=\"http:\/\/www.kalevalaistennaistenliitto.fi\/\" target=\"_blank\" rel=\"noopener\"> Kalevalaisten Naisten Liiton<\/a> j\u00e4senyhdistys. Liittoon kuuluu 51 <a href=\"https:\/\/www.kalevalaistennaistenliitto.fi\/jasenyhdistykset\/\">j\u00e4senyhdistyst\u00e4<\/a> ymp\u00e4ri Suomen, onpa niit\u00e4 muutama Ruotsissakin. Pirkanmaalla toimii meid\u00e4n lis\u00e4ksemme, <a href=\"https:\/\/www.ikaalistenkalevalaisetnaiset.fi\/\" target=\"_blank\" rel=\"noopener\">Ikaalisten Kalevalaiset Naiset<\/a>, sek\u00e4 <a href=\"https:\/\/www.facebook.com\/lempaalankalevalaiset\/about\/?_rdr\">Lemp\u00e4\u00e4l\u00e4n Kalevalaiset.<\/a><\/p>\n<p>Kalevalaisten Naisten Liitto omistaa <a href=\"http:\/\/www.kalevalakoru.fi\" target=\"_blank\" rel=\"noopener\">Kalevala Korun<\/a>. Kalevalaisten Naisten j\u00e4senen\u00e4 saat Kalevala Korun tuotteista 20% alennuksen Kalevala Korun omissa myym\u00e4l\u00f6iss\u00e4 Helsingiss\u00e4.<\/p>\n<h1>Muita yhdistyksi\u00e4<\/h1>\n<p>Tampereella toimiva <a href=\"http:\/\/www.rahvaanmusiikinkerho.net\/index.php\" target=\"_blank\" rel=\"noopener\">Rahvaanmusiikin kerho<\/a> tekee tunnetuksi nykykansanmusiikin ja -tanssin asiaa. Rahvaanmusiikin kerho, tuttavallisemmin Rahvis, j\u00e4rjest\u00e4\u00e4 klubi-iltoja kerran kuussa Kulttuuritalo Telakalla.<\/p>\n<p>Kulttuuriosuuskunta\u00a0<a href=\"http:\/\/www.uulu.fi\" target=\"_blank\" rel=\"noopener\">Uulu<\/a>\u00a0pyrkii tekem\u00e4\u00e4n tunnetuksi maailman eri musiikkikulttuureita. Uulu j\u00e4rjest\u00e4\u00e4 esim. ty\u00f6pajoja, tapahtumia ja muskareita.<\/p>\n<p><a href=\"http:\/\/www.taivaannaula.org\" target=\"_blank\" rel=\"noopener\">Taivaannaula<\/a>\u00a0elvytt\u00e4\u00e4 suomenuskoa ja pyrkii tekem\u00e4\u00e4n siit\u00e4 el\u00e4v\u00e4n osan suomalaista yhteiskuntaa. Taivaannaula j\u00e4rjest\u00e4\u00e4 tapahtumia, ker\u00e4\u00e4 tietoa ja tutkii. Se julkaisee my\u00f6s vanhan \u00a0kansan vuoden kiertoon perustuvaa kalenteria.<\/p>\n<p><a title=\"Sarsa ry\" href=\"http:\/\/www.sarsary.net\" target=\"_blank\" rel=\"noopener\">Sarsa ry<\/a>\u00a0on pirkanmaalaisten arkeologianharrastajien yhdistys, joka on perustettu vuonna 1999.<\/p>\n<p><a class=\"_64-f\" href=\"https:\/\/www.facebook.com\/Birckalaiset\/\">Pirkkalan muinaisaikayhdistys Birckalaiset ry<\/a>:n tarkoituksena on edist\u00e4\u00e4 historian harrastusta Pirkkalassa sek\u00e4 koota historian harrastajat yhteiseen toimintaan.<\/p>\n<p><a href=\"https:\/\/pirkkalaiskirjailijat.net\/\">Pirkkalaiskirjailijat ry<\/a>:n tavoitteena on innostaa suurta yleis\u00f6\u00e4 lukemaan, tuoda paikallisisa kirjailijoita l\u00e4hemm\u00e4ksi lukevaa yleis\u00f6\u00e4 ja edist\u00e4\u00e4 kotimaista kirjallisuutta.<\/p>\n<p>Puuttuuko linkeist\u00e4 jotakin t\u00e4rke\u00e4\u00e4 ja oleellista? Haluaisitko oman organisaatiosi mukaan? L\u00e4het\u00e4 asiasta s\u00e4hk\u00f6postia osoitteeseen tampereenkalevalaiset@gmail.com<\/p>\n","protected":false},"excerpt":{"rendered":"<p>Kalevalaisia Naisia Tampereen Kalevalaiset Naiset on Kalevalaisten Naisten Liiton j\u00e4senyhdistys. Liittoon kuuluu 51 j\u00e4senyhdistyst\u00e4 ymp\u00e4ri Suomen, onpa niit\u00e4 muutama Ruotsissakin. Pirkanmaalla toimii meid\u00e4n lis\u00e4ksemme, Ikaalisten Kalevalaiset Naiset, sek\u00e4 Lemp\u00e4\u00e4l\u00e4n Kalevalaiset. Kalevalaisten Naisten Liitto omistaa Kalevala Korun. Kalevalaisten Naisten j\u00e4senen\u00e4 saat Kalevala Korun tuotteista 20% alennuksen Kalevala Korun omissa myym\u00e4l\u00f6iss\u00e4 Helsingiss\u00e4. Muita yhdistyksi\u00e4 Tampereella toimiva Rahvaanmusiikin &hellip; <\/p>\n<p class=\"link-more\"><a href=\"https:\/\/tampereenkalevalaiset.fi\/?page_id=551\" class=\"more-link\">Jatka lukemista<span class=\"screen-reader-text\"> &#8221;Yhteisty\u00f6 ja linkit&#8221;<\/span><\/a><\/p>\n","protected":false},"author":4,"featured_media":0,"parent":0,"menu_order":0,"comment_status":"closed","ping_status":"closed","template":"","meta":{"_mc_calendar":[],"footnotes":""},"class_list":["post-551","page","type-page","status-publish","hentry"],"_links":{"self":[{"href":"https:\/\/tampereenkalevalaiset.fi\/index.php?rest_route=\/wp\/v2\/pages\/551","targetHints":{"allow":["GET"]}}],"collection":[{"href":"https:\/\/tampereenkalevalaiset.fi\/index.php?rest_route=\/wp\/v2\/pages"}],"about":[{"href":"https:\/\/tampereenkalevalaiset.fi\/index.php?rest_route=\/wp\/v2\/types\/page"}],"author":[{"embeddable":true,"href":"https:\/\/tampereenkalevalaiset.fi\/index.php?rest_route=\/wp\/v2\/users\/4"}],"replies":[{"embeddable":true,"href":"https:\/\/tampereenkalevalaiset.fi\/index.php?rest_route=%2Fwp%2Fv2%2Fcomments&post=551"}],"version-history":[{"count":13,"href":"https:\/\/tampereenkalevalaiset.fi\/index.php?rest_route=\/wp\/v2\/pages\/551\/revisions"}],"predecessor-version":[{"id":1978,"href":"https:\/\/tampereenkalevalaiset.fi\/index.php?rest_route=\/wp\/v2\/pages\/551\/revisions\/1978"}],"wp:attachment":[{"href":"https:\/\/tampereenkalevalaiset.fi\/index.php?rest_route=%2Fwp%2Fv2%2Fmedia&parent=551"}],"curies":[{"name":"wp","href":"https:\/\/api.w.org\/{rel}","templated":true}]}}